{"id":442,"date":"2025-07-01T13:07:14","date_gmt":"2025-07-01T12:07:14","guid":{"rendered":"https:\/\/gestoriaaseco.com\/?page_id=442"},"modified":"2025-07-02T10:13:50","modified_gmt":"2025-07-02T09:13:50","slug":"contacto","status":"publish","type":"page","link":"https:\/\/gestoriaaseco.com\/en\/contacto\/","title":{"rendered":"Contacto"},"content":{"rendered":"\t\t<div data-elementor-type=\"wp-page\" data-elementor-id=\"442\" class=\"elementor elementor-442\" data-elementor-post-type=\"page\">\n\t\t\t\t\t\t<section class=\"elementor-section elementor-top-section elementor-element elementor-element-2a44060 elementor-section-height-min-height elementor-section-items-stretch elementor-section-content-middle elementor-section-boxed elementor-section-height-default\" data-id=\"2a44060\" data-element_type=\"section\" data-e-type=\"section\" data-settings=\"{&quot;background_background&quot;:&quot;classic&quot;,&quot;shape_divider_bottom&quot;:&quot;triangle&quot;}\">\n\t\t\t\t\t\t\t<div class=\"elementor-background-overlay\"><\/div>\n\t\t\t\t\t\t<div class=\"elementor-shape elementor-shape-bottom\" aria-hidden=\"true\" data-negative=\"false\">\n\t\t\t<svg xmlns=\"http:\/\/www.w3.org\/2000\/svg\" viewBox=\"0 0 1000 100\" preserveAspectRatio=\"none\">\n\t<path class=\"elementor-shape-fill\" d=\"M500,98.9L0,6.1V0h1000v6.1L500,98.9z\"\/>\n<\/svg>\t\t<\/div>\n\t\t\t\t\t<div class=\"elementor-container elementor-column-gap-default\">\n\t\t\t\t\t<div class=\"elementor-column elementor-col-100 elementor-top-column elementor-element elementor-element-49e9524\" data-id=\"49e9524\" data-element_type=\"column\" data-e-type=\"column\">\n\t\t\t<div class=\"elementor-widget-wrap elementor-element-populated\">\n\t\t\t\t\t\t<div class=\"elementor-element elementor-element-313d84a elementor-widget elementor-widget-heading\" data-id=\"313d84a\" data-element_type=\"widget\" data-e-type=\"widget\" data-widget_type=\"heading.default\">\n\t\t\t\t<div class=\"elementor-widget-container\">\n\t\t\t\t\t<h2 class=\"elementor-heading-title elementor-size-default\">Contacto<\/h2>\t\t\t\t<\/div>\n\t\t\t\t<\/div>\n\t\t\t\t<div class=\"elementor-element elementor-element-8c28d7e elementor-widget elementor-widget-text-editor\" data-id=\"8c28d7e\" data-element_type=\"widget\" data-e-type=\"widget\" data-widget_type=\"text-editor.default\">\n\t\t\t\t<div class=\"elementor-widget-container\">\n\t\t\t\t\t\t\t\t\t<p><a href=\"https:\/\/gestoriaaseco.com\/\">Inicio<\/a> \/ Contacto<\/p>\t\t\t\t\t\t\t\t<\/div>\n\t\t\t\t<\/div>\n\t\t\t\t\t<\/div>\n\t\t<\/div>\n\t\t\t\t\t<\/div>\n\t\t<\/section>\n\t\t\t\t<section class=\"elementor-section elementor-top-section elementor-element elementor-element-8fa6887 elementor-section-boxed elementor-section-height-default elementor-section-height-default\" data-id=\"8fa6887\" data-element_type=\"section\" data-e-type=\"section\">\n\t\t\t\t\t\t<div class=\"elementor-container elementor-column-gap-default\">\n\t\t\t\t\t<div class=\"elementor-column elementor-col-50 elementor-top-column elementor-element elementor-element-5cad12f3\" data-id=\"5cad12f3\" data-element_type=\"column\" data-e-type=\"column\" data-settings=\"{&quot;background_background&quot;:&quot;classic&quot;}\">\n\t\t\t<div class=\"elementor-widget-wrap elementor-element-populated\">\n\t\t\t\t\t\t<div class=\"elementor-element elementor-element-c6dd1cb elementor-button-align-start elementor-mobile-button-align-center elementor-widget elementor-widget-form\" data-id=\"c6dd1cb\" data-element_type=\"widget\" data-e-type=\"widget\" data-settings=\"{&quot;step_next_label&quot;:&quot;Siguiente&quot;,&quot;step_previous_label&quot;:&quot;Anterior&quot;,&quot;button_width&quot;:&quot;100&quot;,&quot;step_type&quot;:&quot;number_text&quot;,&quot;step_icon_shape&quot;:&quot;circle&quot;}\" data-widget_type=\"form.default\">\n\t\t\t\t<div class=\"elementor-widget-container\">\n\t\t\t\t\t\t\t<form class=\"elementor-form\" method=\"post\" name=\"Nuevo formulario\" aria-label=\"Nuevo formulario\">\n\t\t\t<input type=\"hidden\" name=\"post_id\" value=\"442\"\/>\n\t\t\t<input type=\"hidden\" name=\"form_id\" value=\"c6dd1cb\"\/>\n\t\t\t<input type=\"hidden\" name=\"referer_title\" value=\"Contacto - Gestoria Aseco\" \/>\n\n\t\t\t\t\t\t\t<input type=\"hidden\" name=\"queried_id\" value=\"442\"\/>\n\t\t\t\n\t\t\t<div class=\"elementor-form-fields-wrapper elementor-labels-above\">\n\t\t\t\t\t\t\t\t<div class=\"elementor-field-type-text elementor-field-group elementor-column elementor-field-group-name elementor-col-100 elementor-field-required elementor-mark-required\">\n\t\t\t\t\t\t\t\t\t\t\t\t<label for=\"form-field-name\" class=\"elementor-field-label\">\n\t\t\t\t\t\t\t\tNombre y Apellido\t\t\t\t\t\t\t<\/label>\n\t\t\t\t\t\t\t\t\t\t\t\t\t\t<input size=\"1\" type=\"text\" name=\"form_fields[name]\" id=\"form-field-name\" class=\"elementor-field elementor-size-lg  elementor-field-textual\" placeholder=\"Ingresa aqui...\" required=\"required\">\n\t\t\t\t\t\t\t\t\t\t\t<\/div>\n\t\t\t\t\t\t\t\t<div class=\"elementor-field-type-email elementor-field-group elementor-column elementor-field-group-email elementor-col-100 elementor-field-required elementor-mark-required\">\n\t\t\t\t\t\t\t\t\t\t\t\t<label for=\"form-field-email\" class=\"elementor-field-label\">\n\t\t\t\t\t\t\t\tCorreo electr\u00f3nico\t\t\t\t\t\t\t<\/label>\n\t\t\t\t\t\t\t\t\t\t\t\t\t\t<input size=\"1\" type=\"email\" name=\"form_fields[email]\" id=\"form-field-email\" class=\"elementor-field elementor-size-lg  elementor-field-textual\" placeholder=\"Ingresa aqu\u00ed...\" required=\"required\">\n\t\t\t\t\t\t\t\t\t\t\t<\/div>\n\t\t\t\t\t\t\t\t<div class=\"elementor-field-type-textarea elementor-field-group elementor-column elementor-field-group-message elementor-col-100 elementor-field-required elementor-mark-required\">\n\t\t\t\t\t\t\t\t\t\t\t\t<label for=\"form-field-message\" class=\"elementor-field-label\">\n\t\t\t\t\t\t\t\tMensaje\t\t\t\t\t\t\t<\/label>\n\t\t\t\t\t\t<textarea class=\"elementor-field-textual elementor-field  elementor-size-lg\" name=\"form_fields[message]\" id=\"form-field-message\" rows=\"4\" placeholder=\"D\u00e9janos tu requerimiento\" required=\"required\"><\/textarea>\t\t\t\t<\/div>\n\t\t\t\t\t\t\t\t<div class=\"elementor-field-group elementor-column elementor-field-type-submit elementor-col-100 e-form__buttons\">\n\t\t\t\t\t<button class=\"elementor-button elementor-size-md\" type=\"submit\">\n\t\t\t\t\t\t<span class=\"elementor-button-content-wrapper\">\n\t\t\t\t\t\t\t\t\t\t\t\t\t\t\t\t\t\t\t\t\t\t<span class=\"elementor-button-text\">Enviar<\/span>\n\t\t\t\t\t\t\t\t\t\t\t\t\t<\/span>\n\t\t\t\t\t<\/button>\n\t\t\t\t<\/div>\n\t\t\t<\/div>\n\t\t<\/form>\n\t\t\t\t\t\t<\/div>\n\t\t\t\t<\/div>\n\t\t\t\t\t<\/div>\n\t\t<\/div>\n\t\t\t\t<div class=\"elementor-column elementor-col-50 elementor-top-column elementor-element elementor-element-6be065b5\" data-id=\"6be065b5\" data-element_type=\"column\" data-e-type=\"column\" data-settings=\"{&quot;background_background&quot;:&quot;gradient&quot;}\">\n\t\t\t<div class=\"elementor-widget-wrap elementor-element-populated\">\n\t\t\t\t\t\t<div class=\"elementor-element elementor-element-58933b1f elementor-widget elementor-widget-heading\" data-id=\"58933b1f\" data-element_type=\"widget\" data-e-type=\"widget\" data-widget_type=\"heading.default\">\n\t\t\t\t<div class=\"elementor-widget-container\">\n\t\t\t\t\t<h2 class=\"elementor-heading-title elementor-size-default\">Cont\u00e1ctanos<\/h2>\t\t\t\t<\/div>\n\t\t\t\t<\/div>\n\t\t\t\t<div class=\"elementor-element elementor-element-2d1abc29 elementor-widget elementor-widget-heading\" data-id=\"2d1abc29\" data-element_type=\"widget\" data-e-type=\"widget\" data-widget_type=\"heading.default\">\n\t\t\t\t<div class=\"elementor-widget-container\">\n\t\t\t\t\t<h3 class=\"elementor-heading-title elementor-size-default\">Estamos a tu Disposici\u00f3n en Granada<\/h3>\t\t\t\t<\/div>\n\t\t\t\t<\/div>\n\t\t\t\t<div class=\"elementor-element elementor-element-3946f842 elementor-widget elementor-widget-text-editor\" data-id=\"3946f842\" data-element_type=\"widget\" data-e-type=\"widget\" data-widget_type=\"text-editor.default\">\n\t\t\t\t<div class=\"elementor-widget-container\">\n\t\t\t\t\t\t\t\t\t<p>En Gestor\u00eda Aseco, la cercan\u00eda y la comunicaci\u00f3n directa son clave. Si tienes alguna consulta, necesitas asesoramiento profesional o deseas concertar una cita, estaremos encantados de atenderte. No dudes en contactar con nosotros por el canal que te resulte m\u00e1s c\u00f3modo.<\/p><p>Te invitamos a visitarnos personalmente en nuestra oficina en Zaid\u00edn. Nuestro equipo estar\u00e1 listo para escucharte y ofrecerte la atenci\u00f3n personalizada que mereces.<\/p>\t\t\t\t\t\t\t\t<\/div>\n\t\t\t\t<\/div>\n\t\t\t\t<div class=\"elementor-element elementor-element-56301191 elementor-widget-divider--view-line elementor-widget elementor-widget-divider\" data-id=\"56301191\" data-element_type=\"widget\" data-e-type=\"widget\" data-widget_type=\"divider.default\">\n\t\t\t\t<div class=\"elementor-widget-container\">\n\t\t\t\t\t\t\t<div class=\"elementor-divider\">\n\t\t\t<span class=\"elementor-divider-separator\">\n\t\t\t\t\t\t<\/span>\n\t\t<\/div>\n\t\t\t\t\t\t<\/div>\n\t\t\t\t<\/div>\n\t\t\t\t<section class=\"elementor-section elementor-inner-section elementor-element elementor-element-3a66bf84 elementor-section-boxed elementor-section-height-default elementor-section-height-default\" data-id=\"3a66bf84\" data-element_type=\"section\" data-e-type=\"section\">\n\t\t\t\t\t\t<div class=\"elementor-container elementor-column-gap-default\">\n\t\t\t\t\t<div class=\"elementor-column elementor-col-50 elementor-inner-column elementor-element elementor-element-1ff76c9a\" data-id=\"1ff76c9a\" data-element_type=\"column\" data-e-type=\"column\">\n\t\t\t<div class=\"elementor-widget-wrap elementor-element-populated\">\n\t\t\t\t\t\t<div class=\"elementor-element elementor-element-31c93030 ekit-equal-height-disable elementor-widget elementor-widget-elementskit-icon-box\" data-id=\"31c93030\" data-element_type=\"widget\" data-e-type=\"widget\" data-widget_type=\"elementskit-icon-box.default\">\n\t\t\t\t<div class=\"elementor-widget-container\">\n\t\t\t\t\t<div class=\"ekit-wid-con\" >        <!-- link opening -->\n                <a href=\"https:\/\/maps.app.goo.gl\/bG6ZquA1G584GaRr9\" class=\"ekit_global_links\">\n                <!-- end link opening -->\n\n        <div class=\"elementskit-infobox text-center text-center icon-top-align elementor-animation-   \">\n                            <div class=\"elementskit-box-header\">\n                <div class=\"elementskit-info-box-icon \">\n                    <img fetchpriority=\"high\" decoding=\"async\" width=\"300\" height=\"300\" src=\"https:\/\/gestoriaaseco.com\/wp-content\/uploads\/2025\/05\/contact-us-icon-pack-NDDPBP45.png\" class=\"attachment- size-\" alt=\"\" srcset=\"https:\/\/gestoriaaseco.com\/wp-content\/uploads\/2025\/05\/contact-us-icon-pack-NDDPBP45.png 300w, https:\/\/gestoriaaseco.com\/wp-content\/uploads\/2025\/05\/contact-us-icon-pack-NDDPBP45-150x150.png 150w\" sizes=\"(max-width: 300px) 100vw, 300px\" \/>                <\/div>\n          <\/div>\n                <div class=\"box-body\">\n                            <h3 class=\"elementskit-info-box-title\">\n                    Oficina                <\/h3>\n                        \t\t  \t<p>C. Palencia, 23, Zaid\u00edn, 18007 Granada<\/p>\n                                <\/div>\n        \n        \n                <\/div>\n                <\/a>\n        <\/div>\t\t\t\t<\/div>\n\t\t\t\t<\/div>\n\t\t\t\t\t<\/div>\n\t\t<\/div>\n\t\t\t\t<div class=\"elementor-column elementor-col-50 elementor-inner-column elementor-element elementor-element-3318f2be\" data-id=\"3318f2be\" data-element_type=\"column\" data-e-type=\"column\">\n\t\t\t<div class=\"elementor-widget-wrap elementor-element-populated\">\n\t\t\t\t\t\t<div class=\"elementor-element elementor-element-77781a7c ekit-equal-height-disable elementor-widget elementor-widget-elementskit-icon-box\" data-id=\"77781a7c\" data-element_type=\"widget\" data-e-type=\"widget\" data-widget_type=\"elementskit-icon-box.default\">\n\t\t\t\t<div class=\"elementor-widget-container\">\n\t\t\t\t\t<div class=\"ekit-wid-con\" >        <!-- link opening -->\n                <a href=\"mailto:gestoriaaseco@gmail.com\" class=\"ekit_global_links\">\n                <!-- end link opening -->\n\n        <div class=\"elementskit-infobox text-center text-center icon-top-align elementor-animation-   \">\n                            <div class=\"elementskit-box-header\">\n                <div class=\"elementskit-info-box-icon \">\n                    <img decoding=\"async\" width=\"300\" height=\"300\" src=\"https:\/\/gestoriaaseco.com\/wp-content\/uploads\/2025\/05\/contact-us-icon-pack-NDDPBP46.png\" class=\"attachment- size-\" alt=\"\" srcset=\"https:\/\/gestoriaaseco.com\/wp-content\/uploads\/2025\/05\/contact-us-icon-pack-NDDPBP46.png 300w, https:\/\/gestoriaaseco.com\/wp-content\/uploads\/2025\/05\/contact-us-icon-pack-NDDPBP46-150x150.png 150w\" sizes=\"(max-width: 300px) 100vw, 300px\" \/>                <\/div>\n          <\/div>\n                <div class=\"box-body\">\n                            <h3 class=\"elementskit-info-box-title\">\n                    Correo Electr\u00f3nico                <\/h3>\n                        \t\t  \t<p>gestoriaaseco@gmail.com<\/p>\n                                <\/div>\n        \n        \n                <\/div>\n                <\/a>\n        <\/div>\t\t\t\t<\/div>\n\t\t\t\t<\/div>\n\t\t\t\t<div class=\"elementor-element elementor-element-648a45f0 elementor-widget elementor-widget-heading\" data-id=\"648a45f0\" data-element_type=\"widget\" data-e-type=\"widget\" data-widget_type=\"heading.default\">\n\t\t\t\t<div class=\"elementor-widget-container\">\n\t\t\t\t\t<div class=\"elementor-heading-title elementor-size-default\"><a href=\"tel:+34858988266\">858988266<\/a><\/div>\t\t\t\t<\/div>\n\t\t\t\t<\/div>\n\t\t\t\t\t<\/div>\n\t\t<\/div>\n\t\t\t\t\t<\/div>\n\t\t<\/section>\n\t\t\t\t\t<\/div>\n\t\t<\/div>\n\t\t\t\t\t<\/div>\n\t\t<\/section>\n\t\t<div class=\"elementor-element elementor-element-5b38395 e-con-full e-flex e-con e-parent\" data-id=\"5b38395\" data-element_type=\"container\" data-e-type=\"container\">\n\t\t\t\t<div class=\"elementor-element elementor-element-d4bfa91 elementor-widget elementor-widget-google_maps\" data-id=\"d4bfa91\" data-element_type=\"widget\" data-e-type=\"widget\" data-widget_type=\"google_maps.default\">\n\t\t\t\t<div class=\"elementor-widget-container\">\n\t\t\t\t\t\t\t<div class=\"elementor-custom-embed\">\n\t\t\t<iframe loading=\"lazy\"\n\t\t\t\t\tsrc=\"https:\/\/maps.google.com\/maps?q=C.%20Palencia%2C%2023%2C%20Zaid%C3%ADn%2C%2018007%20Granada&#038;t=m&#038;z=16&#038;output=embed&#038;iwloc=near\"\n\t\t\t\t\ttitle=\"C. Palencia, 23, Zaid\u00edn, 18007 Granada\"\n\t\t\t\t\taria-label=\"C. Palencia, 23, Zaid\u00edn, 18007 Granada\"\n\t\t\t><\/iframe>\n\t\t<\/div>\n\t\t\t\t\t\t<\/div>\n\t\t\t\t<\/div>\n\t\t\t\t<\/div>\n\t\t\t\t<\/div>\n\t\t","protected":false},"excerpt":{"rendered":"<p>Contacto Inicio \/ Contacto Cont\u00e1ctanos Estamos a tu Disposici\u00f3n en Granada En Gestor\u00eda Aseco, la cercan\u00eda y la comunicaci\u00f3n directa [&hellip;]<\/p>\n","protected":false},"author":1,"featured_media":0,"parent":0,"menu_order":0,"comment_status":"closed","ping_status":"closed","template":"","meta":{"site-sidebar-layout":"no-sidebar","site-content-layout":"","ast-site-content-layout":"full-width-container","site-content-style":"default","site-sidebar-style":"default","ast-global-header-display":"","ast-banner-title-visibility":"","ast-main-header-display":"","ast-hfb-above-header-display":"","ast-hfb-below-header-display":"","ast-hfb-mobile-header-display":"","site-post-title":"disabled","ast-breadcrumbs-content":"","ast-featured-img":"disabled","footer-sml-layout":"","ast-disable-related-posts":"","theme-transparent-header-meta":"","adv-header-id-meta":"","stick-header-meta":"","header-above-stick-meta":"","header-main-stick-meta":"","header-below-stick-meta":"","astra-migrate-meta-layouts":"default","ast-page-background-enabled":"default","ast-page-background-meta":{"desktop":{"background-color":"var(--ast-global-color-5)","background-image":"","background-repeat":"repeat","background-position":"center center","background-size":"auto","background-attachment":"scroll","background-type":"","background-media":"","overlay-type":"","overlay-color":"","overlay-opacity":"","overlay-gradient":""},"tablet":{"background-color":"","background-image":"","background-repeat":"repeat","background-position":"center center","background-size":"auto","background-attachment":"scroll","background-type":"","background-media":"","overlay-type":"","overlay-color":"","overlay-opacity":"","overlay-gradient":""},"mobile":{"background-color":"","background-image":"","background-repeat":"repeat","background-position":"center center","background-size":"auto","background-attachment":"scroll","background-type":"","background-media":"","overlay-type":"","overlay-color":"","overlay-opacity":"","overlay-gradient":""}},"ast-content-background-meta":{"desktop":{"background-color":"var(--ast-global-color-4)","background-image":"","background-repeat":"repeat","background-position":"center center","background-size":"auto","background-attachment":"scroll","background-type":"","background-media":"","overlay-type":"","overlay-color":"","overlay-opacity":"","overlay-gradient":""},"tablet":{"background-color":"var(--ast-global-color-4)","background-image":"","background-repeat":"repeat","background-position":"center center","background-size":"auto","background-attachment":"scroll","background-type":"","background-media":"","overlay-type":"","overlay-color":"","overlay-opacity":"","overlay-gradient":""},"mobile":{"background-color":"var(--ast-global-color-4)","background-image":"","background-repeat":"repeat","background-position":"center center","background-size":"auto","background-attachment":"scroll","background-type":"","background-media":"","overlay-type":"","overlay-color":"","overlay-opacity":"","overlay-gradient":""}},"footnotes":""},"class_list":["post-442","page","type-page","status-publish","hentry"],"yoast_head":"<!-- This site is optimized with the Yoast SEO plugin v27.4 - https:\/\/yoast.com\/product\/yoast-seo-wordpress\/ -->\n<title>Contacto - Gestoria Aseco<\/title>\n<meta name=\"robots\" content=\"index, follow, max-snippet:-1, max-image-preview:large, max-video-preview:-1\" \/>\n<link rel=\"canonical\" href=\"https:\/\/gestoriaaseco.com\/en\/contacto\/\" \/>\n<meta property=\"og:locale\" content=\"en_GB\" \/>\n<meta property=\"og:type\" content=\"article\" \/>\n<meta property=\"og:title\" content=\"Contacto - Gestoria Aseco\" \/>\n<meta property=\"og:description\" content=\"Contacto Inicio \/ Contacto Cont\u00e1ctanos Estamos a tu Disposici\u00f3n en Granada En Gestor\u00eda Aseco, la cercan\u00eda y la comunicaci\u00f3n directa [&hellip;]\" \/>\n<meta property=\"og:url\" content=\"https:\/\/gestoriaaseco.com\/en\/contacto\/\" \/>\n<meta property=\"og:site_name\" content=\"Gestoria Aseco\" \/>\n<meta property=\"article:publisher\" content=\"https:\/\/www.facebook.com\/gestoriaaseco\" \/>\n<meta property=\"article:modified_time\" content=\"2025-07-02T09:13:50+00:00\" \/>\n<meta property=\"og:image\" content=\"https:\/\/gestoriaaseco.com\/wp-content\/uploads\/2025\/05\/contact-us-icon-pack-NDDPBP45.png\" \/>\n<meta name=\"twitter:card\" content=\"summary_large_image\" \/>\n<script type=\"application\/ld+json\" class=\"yoast-schema-graph\">{\"@context\":\"https:\\\/\\\/schema.org\",\"@graph\":[{\"@type\":\"WebPage\",\"@id\":\"https:\\\/\\\/gestoriaaseco.com\\\/contacto\\\/\",\"url\":\"https:\\\/\\\/gestoriaaseco.com\\\/contacto\\\/\",\"name\":\"Contacto - Gestoria Aseco\",\"isPartOf\":{\"@id\":\"https:\\\/\\\/gestoriaaseco.com\\\/#website\"},\"primaryImageOfPage\":{\"@id\":\"https:\\\/\\\/gestoriaaseco.com\\\/contacto\\\/#primaryimage\"},\"image\":{\"@id\":\"https:\\\/\\\/gestoriaaseco.com\\\/contacto\\\/#primaryimage\"},\"thumbnailUrl\":\"https:\\\/\\\/gestoriaaseco.com\\\/wp-content\\\/uploads\\\/2025\\\/05\\\/contact-us-icon-pack-NDDPBP45.png\",\"datePublished\":\"2025-07-01T12:07:14+00:00\",\"dateModified\":\"2025-07-02T09:13:50+00:00\",\"breadcrumb\":{\"@id\":\"https:\\\/\\\/gestoriaaseco.com\\\/contacto\\\/#breadcrumb\"},\"inLanguage\":\"en-GB\",\"potentialAction\":[{\"@type\":\"ReadAction\",\"target\":[\"https:\\\/\\\/gestoriaaseco.com\\\/contacto\\\/\"]}]},{\"@type\":\"ImageObject\",\"inLanguage\":\"en-GB\",\"@id\":\"https:\\\/\\\/gestoriaaseco.com\\\/contacto\\\/#primaryimage\",\"url\":\"https:\\\/\\\/gestoriaaseco.com\\\/wp-content\\\/uploads\\\/2025\\\/05\\\/contact-us-icon-pack-NDDPBP45.png\",\"contentUrl\":\"https:\\\/\\\/gestoriaaseco.com\\\/wp-content\\\/uploads\\\/2025\\\/05\\\/contact-us-icon-pack-NDDPBP45.png\"},{\"@type\":\"BreadcrumbList\",\"@id\":\"https:\\\/\\\/gestoriaaseco.com\\\/contacto\\\/#breadcrumb\",\"itemListElement\":[{\"@type\":\"ListItem\",\"position\":1,\"name\":\"Portada\",\"item\":\"https:\\\/\\\/gestoriaaseco.com\\\/\"},{\"@type\":\"ListItem\",\"position\":2,\"name\":\"Contacto\"}]},{\"@type\":\"WebSite\",\"@id\":\"https:\\\/\\\/gestoriaaseco.com\\\/#website\",\"url\":\"https:\\\/\\\/gestoriaaseco.com\\\/\",\"name\":\"Gestoria Aseco\",\"description\":\"Gestor\u00eda fiscal, laboral, contable y mercantil\",\"publisher\":{\"@id\":\"https:\\\/\\\/gestoriaaseco.com\\\/#organization\"},\"potentialAction\":[{\"@type\":\"SearchAction\",\"target\":{\"@type\":\"EntryPoint\",\"urlTemplate\":\"https:\\\/\\\/gestoriaaseco.com\\\/?s={search_term_string}\"},\"query-input\":{\"@type\":\"PropertyValueSpecification\",\"valueRequired\":true,\"valueName\":\"search_term_string\"}}],\"inLanguage\":\"en-GB\"},{\"@type\":\"Organization\",\"@id\":\"https:\\\/\\\/gestoriaaseco.com\\\/#organization\",\"name\":\"Gestoria Aseco\",\"url\":\"https:\\\/\\\/gestoriaaseco.com\\\/\",\"logo\":{\"@type\":\"ImageObject\",\"inLanguage\":\"en-GB\",\"@id\":\"https:\\\/\\\/gestoriaaseco.com\\\/#\\\/schema\\\/logo\\\/image\\\/\",\"url\":\"https:\\\/\\\/gestoriaaseco.com\\\/wp-content\\\/uploads\\\/2025\\\/05\\\/logo-gestoria-aseco-horizontal.png\",\"contentUrl\":\"https:\\\/\\\/gestoriaaseco.com\\\/wp-content\\\/uploads\\\/2025\\\/05\\\/logo-gestoria-aseco-horizontal.png\",\"width\":500,\"height\":98,\"caption\":\"Gestoria Aseco\"},\"image\":{\"@id\":\"https:\\\/\\\/gestoriaaseco.com\\\/#\\\/schema\\\/logo\\\/image\\\/\"},\"sameAs\":[\"https:\\\/\\\/www.facebook.com\\\/gestoriaaseco\"]}]}<\/script>\n<!-- \/ Yoast SEO plugin. -->","yoast_head_json":{"title":"Contacto - Gestoria Aseco","robots":{"index":"index","follow":"follow","max-snippet":"max-snippet:-1","max-image-preview":"max-image-preview:large","max-video-preview":"max-video-preview:-1"},"canonical":"https:\/\/gestoriaaseco.com\/en\/contacto\/","og_locale":"en_GB","og_type":"article","og_title":"Contacto - Gestoria Aseco","og_description":"Contacto Inicio \/ Contacto Cont\u00e1ctanos Estamos a tu Disposici\u00f3n en Granada En Gestor\u00eda Aseco, la cercan\u00eda y la comunicaci\u00f3n directa [&hellip;]","og_url":"https:\/\/gestoriaaseco.com\/en\/contacto\/","og_site_name":"Gestoria Aseco","article_publisher":"https:\/\/www.facebook.com\/gestoriaaseco","article_modified_time":"2025-07-02T09:13:50+00:00","og_image":[{"url":"https:\/\/gestoriaaseco.com\/wp-content\/uploads\/2025\/05\/contact-us-icon-pack-NDDPBP45.png","type":"","width":"","height":""}],"twitter_card":"summary_large_image","schema":{"@context":"https:\/\/schema.org","@graph":[{"@type":"WebPage","@id":"https:\/\/gestoriaaseco.com\/contacto\/","url":"https:\/\/gestoriaaseco.com\/contacto\/","name":"Contacto - Gestoria Aseco","isPartOf":{"@id":"https:\/\/gestoriaaseco.com\/#website"},"primaryImageOfPage":{"@id":"https:\/\/gestoriaaseco.com\/contacto\/#primaryimage"},"image":{"@id":"https:\/\/gestoriaaseco.com\/contacto\/#primaryimage"},"thumbnailUrl":"https:\/\/gestoriaaseco.com\/wp-content\/uploads\/2025\/05\/contact-us-icon-pack-NDDPBP45.png","datePublished":"2025-07-01T12:07:14+00:00","dateModified":"2025-07-02T09:13:50+00:00","breadcrumb":{"@id":"https:\/\/gestoriaaseco.com\/contacto\/#breadcrumb"},"inLanguage":"en-GB","potentialAction":[{"@type":"ReadAction","target":["https:\/\/gestoriaaseco.com\/contacto\/"]}]},{"@type":"ImageObject","inLanguage":"en-GB","@id":"https:\/\/gestoriaaseco.com\/contacto\/#primaryimage","url":"https:\/\/gestoriaaseco.com\/wp-content\/uploads\/2025\/05\/contact-us-icon-pack-NDDPBP45.png","contentUrl":"https:\/\/gestoriaaseco.com\/wp-content\/uploads\/2025\/05\/contact-us-icon-pack-NDDPBP45.png"},{"@type":"BreadcrumbList","@id":"https:\/\/gestoriaaseco.com\/contacto\/#breadcrumb","itemListElement":[{"@type":"ListItem","position":1,"name":"Portada","item":"https:\/\/gestoriaaseco.com\/"},{"@type":"ListItem","position":2,"name":"Contacto"}]},{"@type":"WebSite","@id":"https:\/\/gestoriaaseco.com\/#website","url":"https:\/\/gestoriaaseco.com\/","name":"Gestoria Aseco","description":"Gestor\u00eda fiscal, laboral, contable y mercantil","publisher":{"@id":"https:\/\/gestoriaaseco.com\/#organization"},"potentialAction":[{"@type":"SearchAction","target":{"@type":"EntryPoint","urlTemplate":"https:\/\/gestoriaaseco.com\/?s={search_term_string}"},"query-input":{"@type":"PropertyValueSpecification","valueRequired":true,"valueName":"search_term_string"}}],"inLanguage":"en-GB"},{"@type":"Organization","@id":"https:\/\/gestoriaaseco.com\/#organization","name":"Gestoria Aseco","url":"https:\/\/gestoriaaseco.com\/","logo":{"@type":"ImageObject","inLanguage":"en-GB","@id":"https:\/\/gestoriaaseco.com\/#\/schema\/logo\/image\/","url":"https:\/\/gestoriaaseco.com\/wp-content\/uploads\/2025\/05\/logo-gestoria-aseco-horizontal.png","contentUrl":"https:\/\/gestoriaaseco.com\/wp-content\/uploads\/2025\/05\/logo-gestoria-aseco-horizontal.png","width":500,"height":98,"caption":"Gestoria Aseco"},"image":{"@id":"https:\/\/gestoriaaseco.com\/#\/schema\/logo\/image\/"},"sameAs":["https:\/\/www.facebook.com\/gestoriaaseco"]}]}},"_links":{"self":[{"href":"https:\/\/gestoriaaseco.com\/en\/wp-json\/wp\/v2\/pages\/442","targetHints":{"allow":["GET"]}}],"collection":[{"href":"https:\/\/gestoriaaseco.com\/en\/wp-json\/wp\/v2\/pages"}],"about":[{"href":"https:\/\/gestoriaaseco.com\/en\/wp-json\/wp\/v2\/types\/page"}],"author":[{"embeddable":true,"href":"https:\/\/gestoriaaseco.com\/en\/wp-json\/wp\/v2\/users\/1"}],"replies":[{"embeddable":true,"href":"https:\/\/gestoriaaseco.com\/en\/wp-json\/wp\/v2\/comments?post=442"}],"version-history":[{"count":40,"href":"https:\/\/gestoriaaseco.com\/en\/wp-json\/wp\/v2\/pages\/442\/revisions"}],"predecessor-version":[{"id":534,"href":"https:\/\/gestoriaaseco.com\/en\/wp-json\/wp\/v2\/pages\/442\/revisions\/534"}],"wp:attachment":[{"href":"https:\/\/gestoriaaseco.com\/en\/wp-json\/wp\/v2\/media?parent=442"}],"curies":[{"name":"wp","href":"https:\/\/api.w.org\/{rel}","templated":true}]}}