{"id":571,"date":"2025-07-03T06:34:23","date_gmt":"2025-07-03T05:34:23","guid":{"rendered":"https:\/\/gestoriaaseco.com\/?page_id=571"},"modified":"2025-07-03T07:09:39","modified_gmt":"2025-07-03T06:09:39","slug":"nuestros-valores","status":"publish","type":"page","link":"https:\/\/gestoriaaseco.com\/en\/nuestros-valores\/","title":{"rendered":"Nuestros valores"},"content":{"rendered":"<div data-elementor-type=\"wp-page\" data-elementor-id=\"571\" class=\"elementor elementor-571\" data-elementor-post-type=\"page\">\n\t\t\t\t\t\t<section class=\"elementor-section elementor-top-section elementor-element elementor-element-c80f24f elementor-section-height-min-height elementor-section-items-stretch elementor-section-content-middle elementor-section-boxed elementor-section-height-default\" data-id=\"c80f24f\" data-element_type=\"section\" data-e-type=\"section\" data-settings=\"{&quot;background_background&quot;:&quot;classic&quot;,&quot;shape_divider_bottom&quot;:&quot;triangle&quot;}\">\n\t\t\t\t\t\t\t<div class=\"elementor-background-overlay\"><\/div>\n\t\t\t\t\t\t<div class=\"elementor-shape elementor-shape-bottom\" aria-hidden=\"true\" data-negative=\"false\">\n\t\t\t<svg xmlns=\"http:\/\/www.w3.org\/2000\/svg\" viewbox=\"0 0 1000 100\" preserveaspectratio=\"none\">\n\t<path class=\"elementor-shape-fill\" d=\"M500,98.9L0,6.1V0h1000v6.1L500,98.9z\"\/>\n<\/svg>\t\t<\/div>\n\t\t\t\t\t<div class=\"elementor-container elementor-column-gap-default\">\n\t\t\t\t\t<div class=\"elementor-column elementor-col-100 elementor-top-column elementor-element elementor-element-ae61ce2\" data-id=\"ae61ce2\" data-element_type=\"column\" data-e-type=\"column\">\n\t\t\t<div class=\"elementor-widget-wrap elementor-element-populated\">\n\t\t\t\t\t\t<div class=\"elementor-element elementor-element-5f7d547 elementor-widget elementor-widget-heading\" data-id=\"5f7d547\" data-element_type=\"widget\" data-e-type=\"widget\" data-widget_type=\"heading.default\">\n\t\t\t\t<div class=\"elementor-widget-container\">\n\t\t\t\t\t<h2 class=\"elementor-heading-title elementor-size-default\">Nuestros valores<\/h2>\t\t\t\t<\/div>\n\t\t\t\t<\/div>\n\t\t\t\t<div class=\"elementor-element elementor-element-39df6b9 elementor-widget elementor-widget-text-editor\" data-id=\"39df6b9\" data-element_type=\"widget\" data-e-type=\"widget\" data-widget_type=\"text-editor.default\">\n\t\t\t\t<div class=\"elementor-widget-container\">\n\t\t\t\t\t\t\t\t\t<p><a href=\"https:\/\/gestoriaaseco.com\/en\/\">Inicio<\/a> \/ Nuestros valores<\/p>\t\t\t\t\t\t\t\t<\/div>\n\t\t\t\t<\/div>\n\t\t\t\t\t<\/div>\n\t\t<\/div>\n\t\t\t\t\t<\/div>\n\t\t<\/section>\n\t\t<div class=\"elementor-element elementor-element-3b2d88e e-flex e-con-boxed e-con e-parent\" data-id=\"3b2d88e\" data-element_type=\"container\" data-e-type=\"container\" data-settings=\"{&quot;background_background&quot;:&quot;classic&quot;}\">\n\t\t\t\t\t<div class=\"e-con-inner\">\n\t\t\t\t<div class=\"elementor-element elementor-element-8e64a18 elementor-widget elementor-widget-heading\" data-id=\"8e64a18\" data-element_type=\"widget\" data-e-type=\"widget\" data-widget_type=\"heading.default\">\n\t\t\t\t<div class=\"elementor-widget-container\">\n\t\t\t\t\t<h2 class=\"elementor-heading-title elementor-size-default\">La Esencia de Gestor\u00eda Aseco<\/h2>\t\t\t\t<\/div>\n\t\t\t\t<\/div>\n\t\t\t\t<div class=\"elementor-element elementor-element-fc44bc9 elementor-widget elementor-widget-text-editor\" data-id=\"fc44bc9\" data-element_type=\"widget\" data-e-type=\"widget\" data-widget_type=\"text-editor.default\">\n\t\t\t\t<div class=\"elementor-widget-container\">\n\t\t\t\t\t\t\t\t\t<p>En Gestor\u00eda Aseco, no solo gestionamos tus tr\u00e1mites; te ofrecemos un servicio basado en valores que marcan la diferencia y garantizan tu tranquilidad. Estos son los pilares de nuestra relaci\u00f3n contigo:<\/p>\t\t\t\t\t\t\t\t<\/div>\n\t\t\t\t<\/div>\n\t\t\t\t\t<\/div>\n\t\t\t\t<\/div>\n\t\t<div class=\"elementor-element elementor-element-f30fa22 e-flex e-con-boxed e-con e-parent\" data-id=\"f30fa22\" data-element_type=\"container\" data-e-type=\"container\" data-settings=\"{&quot;background_background&quot;:&quot;classic&quot;}\">\n\t\t\t\t\t<div class=\"e-con-inner\">\n\t\t<div class=\"elementor-element elementor-element-c5db4c5 e-con-full e-flex e-con e-child\" data-id=\"c5db4c5\" data-element_type=\"container\" data-e-type=\"container\">\n\t\t\t\t<div class=\"elementor-element elementor-element-cd8021f elementor-view-default elementor-widget elementor-widget-icon\" data-id=\"cd8021f\" data-element_type=\"widget\" data-e-type=\"widget\" data-widget_type=\"icon.default\">\n\t\t\t\t<div class=\"elementor-widget-container\">\n\t\t\t\t\t\t\t<div class=\"elementor-icon-wrapper\">\n\t\t\t<div class=\"elementor-icon\">\n\t\t\t<i aria-hidden=\"true\" class=\"icon icon-justice-1\"><\/i>\t\t\t<\/div>\n\t\t<\/div>\n\t\t\t\t\t\t<\/div>\n\t\t\t\t<\/div>\n\t\t\t\t<div class=\"elementor-element elementor-element-b793dc9 elementor-widget elementor-widget-heading\" data-id=\"b793dc9\" data-element_type=\"widget\" data-e-type=\"widget\" data-widget_type=\"heading.default\">\n\t\t\t\t<div class=\"elementor-widget-container\">\n\t\t\t\t\t<h2 class=\"elementor-heading-title elementor-size-default\">Especializaci\u00f3n en Gesti\u00f3n de Herencias y Sucesiones<\/h2>\t\t\t\t<\/div>\n\t\t\t\t<\/div>\n\t\t\t\t<div class=\"elementor-element elementor-element-96342b3 elementor-widget elementor-widget-text-editor\" data-id=\"96342b3\" data-element_type=\"widget\" data-e-type=\"widget\" data-widget_type=\"text-editor.default\">\n\t\t\t\t<div class=\"elementor-widget-container\">\n\t\t\t\t\t\t\t\t\t<p>Vamos m\u00e1s all\u00e1 de la mera liquidaci\u00f3n de impuestos. Analizamos cada herencia desde una perspectiva integral, considerando el reparto, la fiscalidad auton\u00f3mica y estatal, las implicaciones registrales y todos los plazos para optimizar el proceso y los resultados.<\/p>\t\t\t\t\t\t\t\t<\/div>\n\t\t\t\t<\/div>\n\t\t\t\t<\/div>\n\t\t<div class=\"elementor-element elementor-element-e0eeb97 e-con-full e-flex e-con e-child\" data-id=\"e0eeb97\" data-element_type=\"container\" data-e-type=\"container\">\n\t\t\t\t<div class=\"elementor-element elementor-element-ef17e53 elementor-view-default elementor-widget elementor-widget-icon\" data-id=\"ef17e53\" data-element_type=\"widget\" data-e-type=\"widget\" data-widget_type=\"icon.default\">\n\t\t\t\t<div class=\"elementor-widget-container\">\n\t\t\t\t\t\t\t<div class=\"elementor-icon-wrapper\">\n\t\t\t<div class=\"elementor-icon\">\n\t\t\t<i aria-hidden=\"true\" class=\"icon icon-search-1\"><\/i>\t\t\t<\/div>\n\t\t<\/div>\n\t\t\t\t\t\t<\/div>\n\t\t\t\t<\/div>\n\t\t\t\t<div class=\"elementor-element elementor-element-bc277e7 elementor-widget elementor-widget-heading\" data-id=\"bc277e7\" data-element_type=\"widget\" data-e-type=\"widget\" data-widget_type=\"heading.default\">\n\t\t\t\t<div class=\"elementor-widget-container\">\n\t\t\t\t\t<h2 class=\"elementor-heading-title elementor-size-default\">Asesoramiento Fiscal Estrat\u00e9gico y Preventivo<\/h2>\t\t\t\t<\/div>\n\t\t\t\t<\/div>\n\t\t\t\t<div class=\"elementor-element elementor-element-e2f1d5d elementor-widget elementor-widget-text-editor\" data-id=\"e2f1d5d\" data-element_type=\"widget\" data-e-type=\"widget\" data-widget_type=\"text-editor.default\">\n\t\t\t\t<div class=\"elementor-widget-container\">\n\t\t\t\t\t\t\t\t\t<p>Te ayudamos a tomar decisiones informadas antes de cualquier paso fiscal importante, como aceptar una herencia. Simulamos impuestos y detectamos posibles cargas u oportunidades de ahorro fiscal, asegurando que act\u00faes con la m\u00e1xima ventaja y sin sorpresas.<\/p>\t\t\t\t\t\t\t\t<\/div>\n\t\t\t\t<\/div>\n\t\t\t\t<\/div>\n\t\t<div class=\"elementor-element elementor-element-3ea9066 e-con-full e-flex e-con e-child\" data-id=\"3ea9066\" data-element_type=\"container\" data-e-type=\"container\">\n\t\t\t\t<div class=\"elementor-element elementor-element-9480c49 elementor-view-default elementor-widget elementor-widget-icon\" data-id=\"9480c49\" data-element_type=\"widget\" data-e-type=\"widget\" data-widget_type=\"icon.default\">\n\t\t\t\t<div class=\"elementor-widget-container\">\n\t\t\t\t\t\t\t<div class=\"elementor-icon-wrapper\">\n\t\t\t<div class=\"elementor-icon\">\n\t\t\t<i aria-hidden=\"true\" class=\"icon icon-calculator2\"><\/i>\t\t\t<\/div>\n\t\t<\/div>\n\t\t\t\t\t\t<\/div>\n\t\t\t\t<\/div>\n\t\t\t\t<div class=\"elementor-element elementor-element-c68b724 elementor-widget elementor-widget-heading\" data-id=\"c68b724\" data-element_type=\"widget\" data-e-type=\"widget\" data-widget_type=\"heading.default\">\n\t\t\t\t<div class=\"elementor-widget-container\">\n\t\t\t\t\t<h2 class=\"elementor-heading-title elementor-size-default\">Claridad y Rigor en Declaraciones de Renta Complejas<\/h2>\t\t\t\t<\/div>\n\t\t\t\t<\/div>\n\t\t\t\t<div class=\"elementor-element elementor-element-7dc4f7a elementor-widget elementor-widget-text-editor\" data-id=\"7dc4f7a\" data-element_type=\"widget\" data-e-type=\"widget\" data-widget_type=\"text-editor.default\">\n\t\t\t\t<div class=\"elementor-widget-container\">\n\t\t\t\t\t\t\t\t\t<p>Somos expertos en declaraciones de la renta con m\u00faltiples elementos como arrendamientos, actividades econ\u00f3micas, rendimientos del extranjero, subvenciones o transmisiones patrimoniales. Te explicamos cada detalle con total transparencia y rigor, garantizando que comprendas tu situaci\u00f3n fiscal.<\/p>\t\t\t\t\t\t\t\t<\/div>\n\t\t\t\t<\/div>\n\t\t\t\t<\/div>\n\t\t\t\t\t<\/div>\n\t\t\t\t<\/div>\n\t\t<div class=\"elementor-element elementor-element-635ff0e e-flex e-con-boxed e-con e-parent\" data-id=\"635ff0e\" data-element_type=\"container\" data-e-type=\"container\" data-settings=\"{&quot;background_background&quot;:&quot;classic&quot;}\">\n\t\t\t\t\t<div class=\"e-con-inner\">\n\t\t<div class=\"elementor-element elementor-element-0ad70ce e-con-full e-flex e-con e-child\" data-id=\"0ad70ce\" data-element_type=\"container\" data-e-type=\"container\">\n\t\t\t\t<div class=\"elementor-element elementor-element-8deccbc elementor-view-default elementor-widget elementor-widget-icon\" data-id=\"8deccbc\" data-element_type=\"widget\" data-e-type=\"widget\" data-widget_type=\"icon.default\">\n\t\t\t\t<div class=\"elementor-widget-container\">\n\t\t\t\t\t\t\t<div class=\"elementor-icon-wrapper\">\n\t\t\t<div class=\"elementor-icon\">\n\t\t\t<svg aria-hidden=\"true\" class=\"e-font-icon-svg e-fas-hand-holding-heart\" viewbox=\"0 0 576 512\" xmlns=\"http:\/\/www.w3.org\/2000\/svg\"><path d=\"M275.3 250.5c7 7.4 18.4 7.4 25.5 0l108.9-114.2c31.6-33.2 29.8-88.2-5.6-118.8-30.8-26.7-76.7-21.9-104.9 7.7L288 36.9l-11.1-11.6C248.7-4.4 202.8-9.2 172 17.5c-35.3 30.6-37.2 85.6-5.6 118.8l108.9 114.2zm290 77.6c-11.8-10.7-30.2-10-42.6 0L430.3 402c-11.3 9.1-25.4 14-40 14H272c-8.8 0-16-7.2-16-16s7.2-16 16-16h78.3c15.9 0 30.7-10.9 33.3-26.6 3.3-20-12.1-37.4-31.6-37.4H192c-27 0-53.1 9.3-74.1 26.3L71.4 384H16c-8.8 0-16 7.2-16 16v96c0 8.8 7.2 16 16 16h356.8c14.5 0 28.6-4.9 40-14L564 377c15.2-12.1 16.4-35.3 1.3-48.9z\"><\/path><\/svg>\t\t\t<\/div>\n\t\t<\/div>\n\t\t\t\t\t\t<\/div>\n\t\t\t\t<\/div>\n\t\t\t\t<div class=\"elementor-element elementor-element-c84b78c elementor-widget elementor-widget-heading\" data-id=\"c84b78c\" data-element_type=\"widget\" data-e-type=\"widget\" data-widget_type=\"heading.default\">\n\t\t\t\t<div class=\"elementor-widget-container\">\n\t\t\t\t\t<h2 class=\"elementor-heading-title elementor-size-default\">Trato Humano Cercano y Seguimiento Personalizado<\/h2>\t\t\t\t<\/div>\n\t\t\t\t<\/div>\n\t\t\t\t<div class=\"elementor-element elementor-element-9241762 elementor-widget elementor-widget-text-editor\" data-id=\"9241762\" data-element_type=\"widget\" data-e-type=\"widget\" data-widget_type=\"text-editor.default\">\n\t\t\t\t<div class=\"elementor-widget-container\">\n\t\t\t\t\t\t\t\t\t<p>Para nosotros, cada cliente es \u00fanico. Conocemos tu situaci\u00f3n, te atendemos directamente y te acompa\u00f1amos en todo el proceso. Combinamos el rigor t\u00e9cnico con una atenci\u00f3n humana que nuestros clientes valoran especialmente, sobre todo en momentos delicados como el reparto de una herencia.<\/p>\t\t\t\t\t\t\t\t<\/div>\n\t\t\t\t<\/div>\n\t\t\t\t<\/div>\n\t\t<div class=\"elementor-element elementor-element-a1a6297 e-con-full e-flex e-con e-child\" data-id=\"a1a6297\" data-element_type=\"container\" data-e-type=\"container\">\n\t\t\t\t<div class=\"elementor-element elementor-element-ae2d493 elementor-view-default elementor-widget elementor-widget-icon\" data-id=\"ae2d493\" data-element_type=\"widget\" data-e-type=\"widget\" data-widget_type=\"icon.default\">\n\t\t\t\t<div class=\"elementor-widget-container\">\n\t\t\t\t\t\t\t<div class=\"elementor-icon-wrapper\">\n\t\t\t<div class=\"elementor-icon\">\n\t\t\t<i aria-hidden=\"true\" class=\"icon icon-graph-2\"><\/i>\t\t\t<\/div>\n\t\t<\/div>\n\t\t\t\t\t\t<\/div>\n\t\t\t\t<\/div>\n\t\t\t\t<div class=\"elementor-element elementor-element-10a4dad elementor-widget elementor-widget-heading\" data-id=\"10a4dad\" data-element_type=\"widget\" data-e-type=\"widget\" data-widget_type=\"heading.default\">\n\t\t\t\t<div class=\"elementor-widget-container\">\n\t\t\t\t\t<h2 class=\"elementor-heading-title elementor-size-default\">Experiencia Comprobada y Confiable (Desde 2014)<\/h2>\t\t\t\t<\/div>\n\t\t\t\t<\/div>\n\t\t\t\t<div class=\"elementor-element elementor-element-12f5f03 elementor-widget elementor-widget-text-editor\" data-id=\"12f5f03\" data-element_type=\"widget\" data-e-type=\"widget\" data-widget_type=\"text-editor.default\">\n\t\t\t\t<div class=\"elementor-widget-container\">\n\t\t\t\t\t\t\t\t\t<p>Con m\u00e1s de una d\u00e9cada de experiencia real, desde 2014 hemos tramitado con \u00e9xito centenares de declaraciones y herencias. Nuestra experiencia pr\u00e1ctica nos permite anticipar problemas, evitar errores y maximizar tus beneficios fiscales dentro del marco legal, con total seguridad.<\/p>\t\t\t\t\t\t\t\t<\/div>\n\t\t\t\t<\/div>\n\t\t\t\t<\/div>\n\t\t\t\t\t<\/div>\n\t\t\t\t<\/div>\n\t\t\t\t<\/div>","protected":false},"excerpt":{"rendered":"<p>Nuestros valores Inicio \/ Nuestros valores La Esencia de Gestor\u00eda Aseco En Gestor\u00eda Aseco, no solo gestionamos tus tr\u00e1mites; te [&hellip;]<\/p>\n","protected":false},"author":1,"featured_media":0,"parent":0,"menu_order":0,"comment_status":"closed","ping_status":"closed","template":"","meta":{"site-sidebar-layout":"no-sidebar","site-content-layout":"","ast-site-content-layout":"full-width-container","site-content-style":"default","site-sidebar-style":"default","ast-global-header-display":"","ast-banner-title-visibility":"","ast-main-header-display":"","ast-hfb-above-header-display":"","ast-hfb-below-header-display":"","ast-hfb-mobile-header-display":"","site-post-title":"disabled","ast-breadcrumbs-content":"","ast-featured-img":"disabled","footer-sml-layout":"","ast-disable-related-posts":"","theme-transparent-header-meta":"","adv-header-id-meta":"","stick-header-meta":"","header-above-stick-meta":"","header-main-stick-meta":"","header-below-stick-meta":"","astra-migrate-meta-layouts":"default","ast-page-background-enabled":"default","ast-page-background-meta":{"desktop":{"background-color":"var(--ast-global-color-5)","background-image":"","background-repeat":"repeat","background-position":"center center","background-size":"auto","background-attachment":"scroll","background-type":"","background-media":"","overlay-type":"","overlay-color":"","overlay-opacity":"","overlay-gradient":""},"tablet":{"background-color":"","background-image":"","background-repeat":"repeat","background-position":"center center","background-size":"auto","background-attachment":"scroll","background-type":"","background-media":"","overlay-type":"","overlay-color":"","overlay-opacity":"","overlay-gradient":""},"mobile":{"background-color":"","background-image":"","background-repeat":"repeat","background-position":"center center","background-size":"auto","background-attachment":"scroll","background-type":"","background-media":"","overlay-type":"","overlay-color":"","overlay-opacity":"","overlay-gradient":""}},"ast-content-background-meta":{"desktop":{"background-color":"var(--ast-global-color-4)","background-image":"","background-repeat":"repeat","background-position":"center center","background-size":"auto","background-attachment":"scroll","background-type":"","background-media":"","overlay-type":"","overlay-color":"","overlay-opacity":"","overlay-gradient":""},"tablet":{"background-color":"var(--ast-global-color-4)","background-image":"","background-repeat":"repeat","background-position":"center center","background-size":"auto","background-attachment":"scroll","background-type":"","background-media":"","overlay-type":"","overlay-color":"","overlay-opacity":"","overlay-gradient":""},"mobile":{"background-color":"var(--ast-global-color-4)","background-image":"","background-repeat":"repeat","background-position":"center center","background-size":"auto","background-attachment":"scroll","background-type":"","background-media":"","overlay-type":"","overlay-color":"","overlay-opacity":"","overlay-gradient":""}},"footnotes":""},"class_list":["post-571","page","type-page","status-publish","hentry"],"yoast_head":"<!-- This site is optimized with the Yoast SEO plugin v27.5 - https:\/\/yoast.com\/product\/yoast-seo-wordpress\/ -->\n<title>Nuestros valores - Gestoria Aseco<\/title>\n<meta name=\"robots\" content=\"index, follow, max-snippet:-1, max-image-preview:large, max-video-preview:-1\" \/>\n<link rel=\"canonical\" href=\"https:\/\/gestoriaaseco.com\/en\/nuestros-valores\/\" \/>\n<meta property=\"og:locale\" content=\"en_GB\" \/>\n<meta property=\"og:type\" content=\"article\" \/>\n<meta property=\"og:title\" content=\"Nuestros valores - Gestoria Aseco\" \/>\n<meta property=\"og:description\" content=\"Nuestros valores Inicio \/ Nuestros valores La Esencia de Gestor\u00eda Aseco En Gestor\u00eda Aseco, no solo gestionamos tus tr\u00e1mites; te [&hellip;]\" \/>\n<meta property=\"og:url\" content=\"https:\/\/gestoriaaseco.com\/en\/nuestros-valores\/\" \/>\n<meta property=\"og:site_name\" content=\"Gestoria Aseco\" \/>\n<meta property=\"article:publisher\" content=\"https:\/\/www.facebook.com\/gestoriaaseco\" \/>\n<meta property=\"article:modified_time\" content=\"2025-07-03T06:09:39+00:00\" \/>\n<meta name=\"twitter:card\" content=\"summary_large_image\" \/>\n<meta name=\"twitter:label1\" content=\"Estimated reading time\" \/>\n\t<meta name=\"twitter:data1\" content=\"1 minute\" \/>\n<script type=\"application\/ld+json\" class=\"yoast-schema-graph\">{\"@context\":\"https:\\\/\\\/schema.org\",\"@graph\":[{\"@type\":\"WebPage\",\"@id\":\"https:\\\/\\\/gestoriaaseco.com\\\/nuestros-valores\\\/\",\"url\":\"https:\\\/\\\/gestoriaaseco.com\\\/nuestros-valores\\\/\",\"name\":\"Nuestros valores - Gestoria Aseco\",\"isPartOf\":{\"@id\":\"https:\\\/\\\/gestoriaaseco.com\\\/#website\"},\"datePublished\":\"2025-07-03T05:34:23+00:00\",\"dateModified\":\"2025-07-03T06:09:39+00:00\",\"breadcrumb\":{\"@id\":\"https:\\\/\\\/gestoriaaseco.com\\\/nuestros-valores\\\/#breadcrumb\"},\"inLanguage\":\"en-GB\",\"potentialAction\":[{\"@type\":\"ReadAction\",\"target\":[\"https:\\\/\\\/gestoriaaseco.com\\\/nuestros-valores\\\/\"]}]},{\"@type\":\"BreadcrumbList\",\"@id\":\"https:\\\/\\\/gestoriaaseco.com\\\/nuestros-valores\\\/#breadcrumb\",\"itemListElement\":[{\"@type\":\"ListItem\",\"position\":1,\"name\":\"Portada\",\"item\":\"https:\\\/\\\/gestoriaaseco.com\\\/\"},{\"@type\":\"ListItem\",\"position\":2,\"name\":\"Nuestros valores\"}]},{\"@type\":\"WebSite\",\"@id\":\"https:\\\/\\\/gestoriaaseco.com\\\/#website\",\"url\":\"https:\\\/\\\/gestoriaaseco.com\\\/\",\"name\":\"Gestoria Aseco\",\"description\":\"Gestor\u00eda fiscal, laboral, contable y mercantil\",\"publisher\":{\"@id\":\"https:\\\/\\\/gestoriaaseco.com\\\/#organization\"},\"potentialAction\":[{\"@type\":\"SearchAction\",\"target\":{\"@type\":\"EntryPoint\",\"urlTemplate\":\"https:\\\/\\\/gestoriaaseco.com\\\/?s={search_term_string}\"},\"query-input\":{\"@type\":\"PropertyValueSpecification\",\"valueRequired\":true,\"valueName\":\"search_term_string\"}}],\"inLanguage\":\"en-GB\"},{\"@type\":\"Organization\",\"@id\":\"https:\\\/\\\/gestoriaaseco.com\\\/#organization\",\"name\":\"Gestoria Aseco\",\"url\":\"https:\\\/\\\/gestoriaaseco.com\\\/\",\"logo\":{\"@type\":\"ImageObject\",\"inLanguage\":\"en-GB\",\"@id\":\"https:\\\/\\\/gestoriaaseco.com\\\/#\\\/schema\\\/logo\\\/image\\\/\",\"url\":\"https:\\\/\\\/gestoriaaseco.com\\\/wp-content\\\/uploads\\\/2025\\\/05\\\/logo-gestoria-aseco-horizontal.png\",\"contentUrl\":\"https:\\\/\\\/gestoriaaseco.com\\\/wp-content\\\/uploads\\\/2025\\\/05\\\/logo-gestoria-aseco-horizontal.png\",\"width\":500,\"height\":98,\"caption\":\"Gestoria Aseco\"},\"image\":{\"@id\":\"https:\\\/\\\/gestoriaaseco.com\\\/#\\\/schema\\\/logo\\\/image\\\/\"},\"sameAs\":[\"https:\\\/\\\/www.facebook.com\\\/gestoriaaseco\"]}]}<\/script>\n<!-- \/ Yoast SEO plugin. -->","yoast_head_json":{"title":"Nuestros valores - Gestoria Aseco","robots":{"index":"index","follow":"follow","max-snippet":"max-snippet:-1","max-image-preview":"max-image-preview:large","max-video-preview":"max-video-preview:-1"},"canonical":"https:\/\/gestoriaaseco.com\/en\/nuestros-valores\/","og_locale":"en_GB","og_type":"article","og_title":"Nuestros valores - Gestoria Aseco","og_description":"Nuestros valores Inicio \/ Nuestros valores La Esencia de Gestor\u00eda Aseco En Gestor\u00eda Aseco, no solo gestionamos tus tr\u00e1mites; te [&hellip;]","og_url":"https:\/\/gestoriaaseco.com\/en\/nuestros-valores\/","og_site_name":"Gestoria Aseco","article_publisher":"https:\/\/www.facebook.com\/gestoriaaseco","article_modified_time":"2025-07-03T06:09:39+00:00","twitter_card":"summary_large_image","twitter_misc":{"Estimated reading time":"1 minute"},"schema":{"@context":"https:\/\/schema.org","@graph":[{"@type":"WebPage","@id":"https:\/\/gestoriaaseco.com\/nuestros-valores\/","url":"https:\/\/gestoriaaseco.com\/nuestros-valores\/","name":"Nuestros valores - Gestoria Aseco","isPartOf":{"@id":"https:\/\/gestoriaaseco.com\/#website"},"datePublished":"2025-07-03T05:34:23+00:00","dateModified":"2025-07-03T06:09:39+00:00","breadcrumb":{"@id":"https:\/\/gestoriaaseco.com\/nuestros-valores\/#breadcrumb"},"inLanguage":"en-GB","potentialAction":[{"@type":"ReadAction","target":["https:\/\/gestoriaaseco.com\/nuestros-valores\/"]}]},{"@type":"BreadcrumbList","@id":"https:\/\/gestoriaaseco.com\/nuestros-valores\/#breadcrumb","itemListElement":[{"@type":"ListItem","position":1,"name":"Portada","item":"https:\/\/gestoriaaseco.com\/"},{"@type":"ListItem","position":2,"name":"Nuestros valores"}]},{"@type":"WebSite","@id":"https:\/\/gestoriaaseco.com\/#website","url":"https:\/\/gestoriaaseco.com\/","name":"Gestoria Aseco","description":"Gestor\u00eda fiscal, laboral, contable y mercantil","publisher":{"@id":"https:\/\/gestoriaaseco.com\/#organization"},"potentialAction":[{"@type":"SearchAction","target":{"@type":"EntryPoint","urlTemplate":"https:\/\/gestoriaaseco.com\/?s={search_term_string}"},"query-input":{"@type":"PropertyValueSpecification","valueRequired":true,"valueName":"search_term_string"}}],"inLanguage":"en-GB"},{"@type":"Organization","@id":"https:\/\/gestoriaaseco.com\/#organization","name":"Gestoria Aseco","url":"https:\/\/gestoriaaseco.com\/","logo":{"@type":"ImageObject","inLanguage":"en-GB","@id":"https:\/\/gestoriaaseco.com\/#\/schema\/logo\/image\/","url":"https:\/\/gestoriaaseco.com\/wp-content\/uploads\/2025\/05\/logo-gestoria-aseco-horizontal.png","contentUrl":"https:\/\/gestoriaaseco.com\/wp-content\/uploads\/2025\/05\/logo-gestoria-aseco-horizontal.png","width":500,"height":98,"caption":"Gestoria Aseco"},"image":{"@id":"https:\/\/gestoriaaseco.com\/#\/schema\/logo\/image\/"},"sameAs":["https:\/\/www.facebook.com\/gestoriaaseco"]}]}},"_links":{"self":[{"href":"https:\/\/gestoriaaseco.com\/en\/wp-json\/wp\/v2\/pages\/571","targetHints":{"allow":["GET"]}}],"collection":[{"href":"https:\/\/gestoriaaseco.com\/en\/wp-json\/wp\/v2\/pages"}],"about":[{"href":"https:\/\/gestoriaaseco.com\/en\/wp-json\/wp\/v2\/types\/page"}],"author":[{"embeddable":true,"href":"https:\/\/gestoriaaseco.com\/en\/wp-json\/wp\/v2\/users\/1"}],"replies":[{"embeddable":true,"href":"https:\/\/gestoriaaseco.com\/en\/wp-json\/wp\/v2\/comments?post=571"}],"version-history":[{"count":16,"href":"https:\/\/gestoriaaseco.com\/en\/wp-json\/wp\/v2\/pages\/571\/revisions"}],"predecessor-version":[{"id":590,"href":"https:\/\/gestoriaaseco.com\/en\/wp-json\/wp\/v2\/pages\/571\/revisions\/590"}],"wp:attachment":[{"href":"https:\/\/gestoriaaseco.com\/en\/wp-json\/wp\/v2\/media?parent=571"}],"curies":[{"name":"wp","href":"https:\/\/api.w.org\/{rel}","templated":true}]}}